{"id":6380,"date":"2024-12-29T11:23:36","date_gmt":"2024-12-29T10:23:36","guid":{"rendered":"https:\/\/bazartdelala.ch\/?page_id=6380"},"modified":"2024-12-29T11:28:06","modified_gmt":"2024-12-29T10:28:06","slug":"refund_returns-copy","status":"publish","type":"page","link":"https:\/\/bazartdelala.ch\/?page_id=6380","title":{"rendered":"COMMANDE &amp; PAIEMENT"},"content":{"rendered":"<p><\/p><h2 class=\"wp-block-heading\">&nbsp;<strong>Pr\u00e9-commande et paiement&nbsp;<\/strong><\/h2><p>Nous avons beaucoup de r\u00e9f\u00e9rences et toutes ne sont pas disponibles sur notre site web. Nous vous offrons la possibilit\u00e9 de les commander, si vous les avez vues dans nos boutiques \u00e0 Marrakech lors d\u2019une visite par exemple.<\/p><p>Pour cela, vous pouvez contacter par mail notre service clients \u00e0 l\u2019adresse suivante :\u00a0<a href=\"mailto:sav.chabichic@gmail.com\"><strong>sav@bazartdelala.com<\/strong><\/a><\/p><p>en pr\u00e9cisant vos coordonn\u00e9es compl\u00e8tes ( nom\/adresse de livraison\/quantit\u00e9s souhait\u00e9es ) et en ajoutant photos et description \u00e0 votre demande.<\/p><p>Nous vous enverrons alors le devis ainsi qu\u2019un lien de paiement en CB incluant les frais de livraison.<br>La livraison de votre commande vous sera adress\u00e9e entre 48 et 72 h ouvr\u00e9es apr\u00e8s r\u00e9ception de votre paiement.Nous pouvons \u00e9galement r\u00e9pondre et \u00e9tudier vos demandes de commandes sur mesure, pour le mobilier ou la c\u00e9ramique selon certaines quantit\u00e9s par couleur\/mod\u00e8le.<br>Le d\u00e9lai de fabrication moyen est de 4 \u00e0 5 semaines, apr\u00e8s validation du devis incluant les frais de transport d\u00e9taill\u00e9s.<br>Nous vous adresserons un lien de paiement CB pour le paiement si vous acceptez le devis fourni.<br><strong><br><\/strong><strong>Pour information :<\/strong><strong><br><\/strong>Dans le cadre de commandes sp\u00e9ciales ( origine stocks magasins Marrakech ou production sp\u00e9ciale ) , pour la provenance des produits o\u00f9 le stock est au Maroc et non dans nos entrep\u00f4ts logistique en France,&nbsp;<strong>les frais de livraison ne pourront \u00eatre offerts quel que soit le montant de la commande.<\/strong><strong><br><\/strong>Vous b\u00e9n\u00e9ficierez d\u2019un transport d\u00e9douan\u00e9, sans aucune taxe \u00e0 r\u00e9gler au moment de la r\u00e9ception de votre colis si vous habitez en France ou en Europe Centrale.<br>Toute commande sp\u00e9ciale ne sera ni reprise, ni \u00e9chang\u00e9e, ni rembours\u00e9e.<\/p><p><\/p>","protected":false},"excerpt":{"rendered":"<p>&nbsp;Pr\u00e9-commande et paiement&nbsp; Nous avons beaucoup de r\u00e9f\u00e9rences et toutes ne sont pas disponibles sur notre site web. Nous vous offrons la possibilit\u00e9 de les commander, si vous les avez vues dans nos boutiques \u00e0 Marrakech lors d\u2019une visite par exemple. Pour cela, vous pouvez contacter par mail notre service clients \u00e0 l\u2019adresse suivante :\u00a0sav@bazartdelala.com [&hellip;]<\/p>\n","protected":false},"author":1,"featured_media":0,"parent":0,"menu_order":0,"comment_status":"closed","ping_status":"closed","template":"","meta":{"footnotes":""},"class_list":["post-6380","page","type-page","status-publish","hentry"],"_links":{"self":[{"href":"https:\/\/bazartdelala.ch\/index.php?rest_route=\/wp\/v2\/pages\/6380","targetHints":{"allow":["GET"]}}],"collection":[{"href":"https:\/\/bazartdelala.ch\/index.php?rest_route=\/wp\/v2\/pages"}],"about":[{"href":"https:\/\/bazartdelala.ch\/index.php?rest_route=\/wp\/v2\/types\/page"}],"author":[{"embeddable":true,"href":"https:\/\/bazartdelala.ch\/index.php?rest_route=\/wp\/v2\/users\/1"}],"replies":[{"embeddable":true,"href":"https:\/\/bazartdelala.ch\/index.php?rest_route=%2Fwp%2Fv2%2Fcomments&post=6380"}],"version-history":[{"count":2,"href":"https:\/\/bazartdelala.ch\/index.php?rest_route=\/wp\/v2\/pages\/6380\/revisions"}],"predecessor-version":[{"id":6382,"href":"https:\/\/bazartdelala.ch\/index.php?rest_route=\/wp\/v2\/pages\/6380\/revisions\/6382"}],"wp:attachment":[{"href":"https:\/\/bazartdelala.ch\/index.php?rest_route=%2Fwp%2Fv2%2Fmedia&parent=6380"}],"curies":[{"name":"wp","href":"https:\/\/api.w.org\/{rel}","templated":true}]}}