{"id":6384,"date":"2024-12-29T11:29:49","date_gmt":"2024-12-29T10:29:49","guid":{"rendered":"https:\/\/bazartdelala.ch\/?page_id=6384"},"modified":"2024-12-29T11:31:26","modified_gmt":"2024-12-29T10:31:26","slug":"refund_returns-copy-copy","status":"publish","type":"page","link":"https:\/\/bazartdelala.ch\/?page_id=6384","title":{"rendered":"LIVRAISON &amp; RETOUR"},"content":{"rendered":"<p><strong><u>LIVRAISON :<\/u><\/strong><\/p><p><strong>Les clients sont tenus \u00e0 ouvrir, d\u00e9baller, compter et v\u00e9rifier l&rsquo;\u00e9tat des articles re\u00e7us au moment de la livraison et devant le transporteur.&nbsp;<\/strong><\/p><p>Pour faire valoir un remboursement ou remplacement de produit (s) endommag\u00e9s, il est&nbsp;<strong>imp\u00e9ratif d&rsquo;\u00e9mettre des r\u00e9serves pr\u00e9cises et claires au moment de livraison.<\/strong><\/p><p>Les exp\u00e9ditions peuvent \u00eatre faites via les transporteurs ci-dessous:<\/p><ul class=\"wp-block-list\"><li>Livraison via Colissimo ou GLS 4 \u00e0 8 jours ouvr\u00e9s.<\/li>\n\n<li>Livraison DHL 2 \u00e0 3 jours ouvr\u00e9s.<\/li>\n\n<li>Frais de transport offerts \u00e0 partir de 100\u20ac d\u2019achat en France.\u00a0<\/li><\/ul><p>Pour toute question sur votre suivi de commande, contactez nous sur sav@chabi-chic.com<\/p><ul class=\"wp-block-list\"><li><\/li><\/ul><p><strong><u>RETOURS\/REMBOURSEMENTS :<\/u><\/strong><\/p><ul class=\"wp-block-list\"><li>Droit de r\u00e9tractation. Un produit dont vous n&rsquo;\u00eates pas satisfait(e) peut \u00eatre retourn\u00e9 sous 14 jours date de r\u00e9ception faisant foi \u00e0 vos frais \u00e0 notre entrep\u00f4t :\u00a0<strong>&#8230;&#8230;.<\/strong><\/li>\n\n<li>D\u00e8s r\u00e9ception en bon \u00e9tat de ou des articles nous effectuons le remboursement sous 7 jours.\u00a0Veuillez contacter le Customer Service \u00e0 l\u2019adresse sav@chabi-chic.com<\/li>\n\n<li><strong>Livraison \u00e0 domicile :<\/strong>\u00a0les clients sont tenus \u00e0 ouvrir, d\u00e9baller, compter et v\u00e9rifier l&rsquo;\u00e9tat des articles re\u00e7us au moment de la livraison et devant le transporteur.\u00a0<br>Pour faire valoir un remboursement ou remplacement de produit (s) endommag\u00e9s, il est\u00a0imp\u00e9ratif d&rsquo;\u00e9mettre des r\u00e9serves pr\u00e9cises et claires au moment de livraison.\u00a0La signature valant acceptation du colis en propri\u00e9t\u00e9 et \u00e0 ce moment le transporteur ainsi que l&rsquo;exp\u00e9diteur ne sont plus responsables\u00a0\u00a0de l&rsquo;\u00e9tat du contenu .\u00a0 \u00a0Conform\u00e9ment \u00e0 la l\u00e9gislation du transport,\u00a0en l\u2019absence de\u00a0r\u00e9serves formul\u00e9es au moment de la livraison,\u00a0BAZARTDELALA ne sera pas en mesure de r\u00e9pondre favorablement \u00e0 votre demande d\u2019indemnisation ou remplacement.<\/li>\n\n<li><strong>Livraison en point relais :<\/strong>\u00a0Pour les r\u00e9clamations , les clients ont 3 jours apr\u00e8s avoir r\u00e9cup\u00e9r\u00e9 leur colis pour se repr\u00e9senter au relais colis pour faire constater la casse \u00e0 l&rsquo;int\u00e9rieur du colis , seul moyen pour valider un litige mondial relay ou point relais colissimo .<\/li><\/ul><p><\/p>","protected":false},"excerpt":{"rendered":"<p>LIVRAISON : Les clients sont tenus \u00e0 ouvrir, d\u00e9baller, compter et v\u00e9rifier l&rsquo;\u00e9tat des articles re\u00e7us au moment de la livraison et devant le transporteur.&nbsp; Pour faire valoir un remboursement ou remplacement de produit (s) endommag\u00e9s, il est&nbsp;imp\u00e9ratif d&rsquo;\u00e9mettre des r\u00e9serves pr\u00e9cises et claires au moment de livraison. Les exp\u00e9ditions peuvent \u00eatre faites via les [&hellip;]<\/p>\n","protected":false},"author":1,"featured_media":0,"parent":0,"menu_order":0,"comment_status":"closed","ping_status":"closed","template":"","meta":{"footnotes":""},"class_list":["post-6384","page","type-page","status-publish","hentry"],"_links":{"self":[{"href":"https:\/\/bazartdelala.ch\/index.php?rest_route=\/wp\/v2\/pages\/6384","targetHints":{"allow":["GET"]}}],"collection":[{"href":"https:\/\/bazartdelala.ch\/index.php?rest_route=\/wp\/v2\/pages"}],"about":[{"href":"https:\/\/bazartdelala.ch\/index.php?rest_route=\/wp\/v2\/types\/page"}],"author":[{"embeddable":true,"href":"https:\/\/bazartdelala.ch\/index.php?rest_route=\/wp\/v2\/users\/1"}],"replies":[{"embeddable":true,"href":"https:\/\/bazartdelala.ch\/index.php?rest_route=%2Fwp%2Fv2%2Fcomments&post=6384"}],"version-history":[{"count":1,"href":"https:\/\/bazartdelala.ch\/index.php?rest_route=\/wp\/v2\/pages\/6384\/revisions"}],"predecessor-version":[{"id":6386,"href":"https:\/\/bazartdelala.ch\/index.php?rest_route=\/wp\/v2\/pages\/6384\/revisions\/6386"}],"wp:attachment":[{"href":"https:\/\/bazartdelala.ch\/index.php?rest_route=%2Fwp%2Fv2%2Fmedia&parent=6384"}],"curies":[{"name":"wp","href":"https:\/\/api.w.org\/{rel}","templated":true}]}}