{"id":6802,"date":"2025-02-12T21:32:41","date_gmt":"2025-02-12T20:32:41","guid":{"rendered":"https:\/\/bazartdelala.ch\/?page_id=6802"},"modified":"2025-02-12T21:39:57","modified_gmt":"2025-02-12T20:39:57","slug":"refund_returns-copy-2","status":"publish","type":"page","link":"https:\/\/bazartdelala.ch\/?page_id=6802","title":{"rendered":"Politique de cookies"},"content":{"rendered":"<p>La pr\u00e9sente politique a \u00e9t\u00e9 mise \u00e0 jour le 09.04.2024.<\/p><p>Lorsque vous visitez ou interagissez avec nos sites, nous ou nos prestataires de services autoris\u00e9s pouvons utiliser des cookies, balises Web et autres technologies similaires pour stocker des informations qui nous permettront de vous fournir une meilleure exp\u00e9rience, plus rapide et plus s\u00e9curis\u00e9e, ainsi qu&rsquo;\u00e0 des fins publicitaires.<\/p><p>La pr\u00e9sente page est con\u00e7ue pour vous aider \u00e0 mieux comprendre lesdites technologies et l&rsquo;utilisation que nous en faisons sur nos sites. Vous trouverez ci-apr\u00e8s une synth\u00e8se des quelques points cl\u00e9s \u00e0 conna\u00eetre \u00e0 propos de notre utilisation desdites technologies.<\/p><h2 class=\"wp-block-heading\">Que sont les cookies, balises Web et technologies similaires&nbsp;?<\/h2><p>Comme la plupart des sites, nous utilisons des technologies qui sont des petits fichiers de donn\u00e9es plac\u00e9s sur votre ordinateur, votre tablette, votre t\u00e9l\u00e9phone mobile ou tout autre appareil (ci-apr\u00e8s collectivement d\u00e9sign\u00e9s comme des \u00ab&nbsp;appareils&nbsp;\u00bb) qui nous permettent d&rsquo;enregistrer un certain nombre d&rsquo;informations lorsque vous visitez ou interagissez avec nos sites, services, applications, messageries et outils.<\/p><p>Les types et noms sp\u00e9cifiques des cookies, balises et autres technologies similaires que nous utilisons peuvent varier \u00e0 tout moment. Afin de mieux comprendre la pr\u00e9sente Politique et notre utilisation desdites technologies, nous fournissons les d\u00e9finitions et la terminologie limit\u00e9es suivantes&nbsp;:<\/p><p><strong>Cookies:<\/strong><br>petits fichiers texte (g\u00e9n\u00e9ralement compos\u00e9s de lettres et de chiffres) plac\u00e9s dans la m\u00e9moire de votre navigateur ou de votre appareil lorsque vous visitez un site Web ou affichez un message. Les cookies permettent \u00e0 un site Web de reconna\u00eetre un appareil ou un navigateur sp\u00e9cifique.<\/p><p>Il existe diff\u00e9rents types de cookies:<br><strong>Les cookies de session<\/strong>&nbsp;expirent \u00e0 la fin de votre session de navigation et nous permettent d&rsquo;associer vos actions au cours de cette session.<\/p><p><strong>Les cookies persistant<\/strong>s sont stock\u00e9s sur votre appareil entre les sessions du navigateur, ce qui nous permet de conserver vos pr\u00e9f\u00e9rences ou actions sur plusieurs sites.<\/p><p><strong>Les cookies internes<\/strong>&nbsp;sont d\u00e9finis par le site que vous visitez.<\/p><p><strong>Les cookies tiers<\/strong>&nbsp;sont d\u00e9finis par un site tiers, diff\u00e9rent du site que vous visitez.<\/p><p>Les cookies peuvent \u00eatre d\u00e9sactiv\u00e9s ou supprim\u00e9s par des outils disponibles sur la plupart des navigateurs commerciaux. Les pr\u00e9f\u00e9rences de chaque navigateur que vous utilisez devront \u00eatre d\u00e9finies s\u00e9par\u00e9ment car chaque navigateur propose des fonctionnalit\u00e9s et options diff\u00e9rentes.<\/p><p><strong>Balises Web<\/strong>:<br>petites images graphiques (\u00e9galement connue sous le nom de \u00ab&nbsp;pixels espions&nbsp;\u00bb ou \u00ab&nbsp;GIF invisibles&nbsp;\u00bb) qui peuvent \u00eatre ajout\u00e9es sur nos sites, services, applications, messageries et outils. Elles sont g\u00e9n\u00e9ralement utilis\u00e9es avec des cookies pour identifier nos utilisateurs et leur comportement.<\/p><p><strong>Autres technologies similaires:<\/strong><br>technologies qui stockent des informations dans votre navigateur ou dans votre appareil \u00e0 l&rsquo;aide d&rsquo;objets locaux partag\u00e9s ou de stockage local, tels que des cookies ou t\u00e9moins Flash ou HTML 5 et d&rsquo;autres logiciels d&rsquo;application Web. Ces technologies peuvent fonctionner sur l&rsquo;ensemble de vos navigateurs. Dans certains cas, elles peuvent ne pas \u00eatre enti\u00e8rement g\u00e9r\u00e9es par les navigateurs et n\u00e9cessiter une gestion directement par le biais de votre appareil ou de vos applications install\u00e9es. Nous n&rsquo;utilisons pas ces technologies pour stocker des informations en vue de cibler des publicit\u00e9s \u00e0 votre intention sur ou en dehors de nos sites.<\/p><p>Nous pourrons utiliser les termes \u00ab&nbsp;cookies&nbsp;\u00bb ou \u00ab&nbsp;technologies similaires&nbsp;\u00bb de mani\u00e8re interchangeable dans nos politiques pour nous r\u00e9f\u00e9rer \u00e0 toutes les technologies que nous sommes susceptibles d&rsquo;utiliser pour stocker des donn\u00e9es dans votre navigateur ou appareil, collecter des informations ou nous aider \u00e0 vous identifier de la mani\u00e8re susmentionn\u00e9e.<\/p><p><strong>Cookies utilis\u00e9s sur ce site Internet<\/strong><br>Ce site Internet utilise des cookies de performance. Vous trouverez ci-dessous davantage d&rsquo;informations sur les cookies de performance utilis\u00e9s sur ce site.<\/p><p><strong>Cookies de performance<\/strong><br>Ces cookies nous permettent de compter le nombre de visites et d&rsquo;identifier les sources de traffic afin de mesurer et d&rsquo;am\u00e9liorer la performance de notre site. Ils nous aident \u00e0 identifier les pages qui sont le plus populaires et celles qui le sont moins et nous permettent de voir comment les visiteurs naviguent sur le site. Toutes les informations collect\u00e9es par ces cookies sont agr\u00e9g\u00e9es et donc anonymes. Si vous n&rsquo;autorisez pas ces cookies, nous ne saurons pas quand vous avez visit\u00e9 notre site et nous ne pourrons pas contr\u00f4ler sa performance.<\/p><p>Vous trouverez dans le tableau ci-dessous une liste des cookies de performance utilis\u00e9s sur ce site Internet.<\/p><figure class=\"wp-block-table\"><table class=\"has-fixed-layout\"><thead><tr><th>Nom des cookies<\/th><th>Dur\u00e9e<\/th><th>Internes ou tiers<\/th><\/tr><\/thead><tbody><tr><td>_ga<\/td><td>2&nbsp;ans<\/td><td>Les cookies tiers<\/td><\/tr><tr><td>_gid<\/td><td>24&nbsp;heures<\/td><td>Les cookies tiers<\/td><\/tr><tr><td>_ga_&lt;container-id&gt;<\/td><td>2&nbsp;ans<\/td><td>Les cookies tiers<\/td><\/tr><tr><td>_gac_gb_&lt;container-id&gt;<\/td><td>90&nbsp;jours<\/td><td>Les cookies tiers<\/td><\/tr><\/tbody><\/table><\/figure><p><strong>\u00c0 propos de la pr\u00e9sente politique<\/strong><\/p><p>Nous pouvons modifier ponctuellement la politique sur les cookies, en tout ou en partie, \u00e0 notre discr\u00e9tion. La derni\u00e8re version de ce document sera toujours disponible sur notre site Internet et prendra effet \u00e0 la date de sa mise \u00e0 jour.<\/p>","protected":false},"excerpt":{"rendered":"<p>La pr\u00e9sente politique a \u00e9t\u00e9 mise \u00e0 jour le 09.04.2024. Lorsque vous visitez ou interagissez avec nos sites, nous ou nos prestataires de services autoris\u00e9s pouvons utiliser des cookies, balises Web et autres technologies similaires pour stocker des informations qui nous permettront de vous fournir une meilleure exp\u00e9rience, plus rapide et plus s\u00e9curis\u00e9e, ainsi qu&rsquo;\u00e0 [&hellip;]<\/p>\n","protected":false},"author":1,"featured_media":0,"parent":0,"menu_order":0,"comment_status":"closed","ping_status":"closed","template":"","meta":{"footnotes":""},"class_list":["post-6802","page","type-page","status-publish","hentry"],"_links":{"self":[{"href":"https:\/\/bazartdelala.ch\/index.php?rest_route=\/wp\/v2\/pages\/6802","targetHints":{"allow":["GET"]}}],"collection":[{"href":"https:\/\/bazartdelala.ch\/index.php?rest_route=\/wp\/v2\/pages"}],"about":[{"href":"https:\/\/bazartdelala.ch\/index.php?rest_route=\/wp\/v2\/types\/page"}],"author":[{"embeddable":true,"href":"https:\/\/bazartdelala.ch\/index.php?rest_route=\/wp\/v2\/users\/1"}],"replies":[{"embeddable":true,"href":"https:\/\/bazartdelala.ch\/index.php?rest_route=%2Fwp%2Fv2%2Fcomments&post=6802"}],"version-history":[{"count":1,"href":"https:\/\/bazartdelala.ch\/index.php?rest_route=\/wp\/v2\/pages\/6802\/revisions"}],"predecessor-version":[{"id":6807,"href":"https:\/\/bazartdelala.ch\/index.php?rest_route=\/wp\/v2\/pages\/6802\/revisions\/6807"}],"wp:attachment":[{"href":"https:\/\/bazartdelala.ch\/index.php?rest_route=%2Fwp%2Fv2%2Fmedia&parent=6802"}],"curies":[{"name":"wp","href":"https:\/\/api.w.org\/{rel}","templated":true}]}}