{"id":6568,"date":"2025-01-10T22:48:22","date_gmt":"2025-01-10T21:48:22","guid":{"rendered":"https:\/\/bazartdelala.ch\/?post_type=product&#038;p=6568"},"modified":"2025-02-21T20:41:40","modified_gmt":"2025-02-21T19:41:40","slug":"sacs-en-cordon-crochete","status":"publish","type":"product","link":"https:\/\/bazartdelala.ch\/?product=sacs-en-cordon-crochete","title":{"rendered":"Kimono Lala Ambre"},"content":{"rendered":"<p class=\"Textbody\">Sublime kimono en tweed marron aux reflets dor\u00e9s, confectionn\u00e9 \u00e0 la main par un maalem. Son tissu textur\u00e9 et ses touches lumineuses apportent une allure sophistiqu\u00e9e et intemporelle. Polyvalent, il se porte aussi bien en tenue habill\u00e9e qu\u2019en look\u00a0casual\u00a0chic.<\/p>\n<p class=\"Textbody\">\n","protected":false},"excerpt":{"rendered":"<p class=\"Textbody\">Sublime kimono en tweed marron aux reflets dor\u00e9s, confectionn\u00e9 \u00e0 la main par un maalem. Son tissu textur\u00e9 et ses touches lumineuses apportent une allure sophistiqu\u00e9e et intemporelle. Polyvalent, il se porte aussi bien en tenue habill\u00e9e qu\u2019en look\u00a0casual\u00a0chic.<\/p>\n","protected":false},"featured_media":6931,"comment_status":"open","ping_status":"closed","template":"","meta":[],"product_cat":[42],"product_tag":[],"class_list":{"0":"post-6568","1":"product","2":"type-product","3":"status-publish","4":"has-post-thumbnail","6":"product_cat-kimonos","8":"first","9":"instock","10":"taxable","11":"shipping-taxable","12":"purchasable","13":"product-type-variable"},"_links":{"self":[{"href":"https:\/\/bazartdelala.ch\/index.php?rest_route=\/wp\/v2\/product\/6568","targetHints":{"allow":["GET"]}}],"collection":[{"href":"https:\/\/bazartdelala.ch\/index.php?rest_route=\/wp\/v2\/product"}],"about":[{"href":"https:\/\/bazartdelala.ch\/index.php?rest_route=\/wp\/v2\/types\/product"}],"replies":[{"embeddable":true,"href":"https:\/\/bazartdelala.ch\/index.php?rest_route=%2Fwp%2Fv2%2Fcomments&post=6568"}],"wp:featuredmedia":[{"embeddable":true,"href":"https:\/\/bazartdelala.ch\/index.php?rest_route=\/wp\/v2\/media\/6931"}],"wp:attachment":[{"href":"https:\/\/bazartdelala.ch\/index.php?rest_route=%2Fwp%2Fv2%2Fmedia&parent=6568"}],"wp:term":[{"taxonomy":"product_cat","embeddable":true,"href":"https:\/\/bazartdelala.ch\/index.php?rest_route=%2Fwp%2Fv2%2Fproduct_cat&post=6568"},{"taxonomy":"product_tag","embeddable":true,"href":"https:\/\/bazartdelala.ch\/index.php?rest_route=%2Fwp%2Fv2%2Fproduct_tag&post=6568"}],"curies":[{"name":"wp","href":"https:\/\/api.w.org\/{rel}","templated":true}]}}