{"id":6711,"date":"2025-01-15T14:28:23","date_gmt":"2025-01-15T13:28:23","guid":{"rendered":"https:\/\/bazartdelala.ch\/?post_type=product&#038;p=6711"},"modified":"2025-03-20T13:23:03","modified_gmt":"2025-03-20T12:23:03","slug":"6711","status":"publish","type":"product","link":"https:\/\/bazartdelala.ch\/?product=6711","title":{"rendered":"Kimono lala C\u00e9cilia en tweed bleu ciel"},"content":{"rendered":"<p>Une pi\u00e8ce unique, confectionn\u00e9e \u00e0 la main avec le savoir-faire du Maalem. Tweed raffin\u00e9, broderies artisanales et \u00e9l\u00e9gance intemporelle.<\/p>\n","protected":false},"excerpt":{"rendered":"<p>Une pi\u00e8ce unique, confectionn\u00e9e \u00e0 la main avec le savoir-faire du Maalem. Tweed raffin\u00e9, broderies artisanales et \u00e9l\u00e9gance intemporelle.<\/p>\n","protected":false},"featured_media":6916,"comment_status":"open","ping_status":"closed","template":"","meta":[],"product_cat":[42],"product_tag":[],"class_list":{"0":"post-6711","1":"product","2":"type-product","3":"status-publish","4":"has-post-thumbnail","6":"product_cat-kimonos","8":"first","9":"instock","10":"taxable","11":"shipping-taxable","12":"purchasable","13":"product-type-variable"},"_links":{"self":[{"href":"https:\/\/bazartdelala.ch\/index.php?rest_route=\/wp\/v2\/product\/6711","targetHints":{"allow":["GET"]}}],"collection":[{"href":"https:\/\/bazartdelala.ch\/index.php?rest_route=\/wp\/v2\/product"}],"about":[{"href":"https:\/\/bazartdelala.ch\/index.php?rest_route=\/wp\/v2\/types\/product"}],"replies":[{"embeddable":true,"href":"https:\/\/bazartdelala.ch\/index.php?rest_route=%2Fwp%2Fv2%2Fcomments&post=6711"}],"wp:featuredmedia":[{"embeddable":true,"href":"https:\/\/bazartdelala.ch\/index.php?rest_route=\/wp\/v2\/media\/6916"}],"wp:attachment":[{"href":"https:\/\/bazartdelala.ch\/index.php?rest_route=%2Fwp%2Fv2%2Fmedia&parent=6711"}],"wp:term":[{"taxonomy":"product_cat","embeddable":true,"href":"https:\/\/bazartdelala.ch\/index.php?rest_route=%2Fwp%2Fv2%2Fproduct_cat&post=6711"},{"taxonomy":"product_tag","embeddable":true,"href":"https:\/\/bazartdelala.ch\/index.php?rest_route=%2Fwp%2Fv2%2Fproduct_tag&post=6711"}],"curies":[{"name":"wp","href":"https:\/\/api.w.org\/{rel}","templated":true}]}}