{"id":6921,"date":"2025-02-19T21:06:34","date_gmt":"2025-02-19T20:06:34","guid":{"rendered":"https:\/\/bazartdelala.ch\/?post_type=product&#038;p=6921"},"modified":"2025-03-20T13:21:50","modified_gmt":"2025-03-20T12:21:50","slug":"kimono-bleu-nuit-scintillant","status":"publish","type":"product","link":"https:\/\/bazartdelala.ch\/?product=kimono-bleu-nuit-scintillant","title":{"rendered":"Kimono lala nourah"},"content":{"rendered":"<p class=\"Textbody\">Kimono bleu nuit scintillant, confectionn\u00e9 \u00e0 la main par un maalem au savoir-faire d\u2019exception. Son tissu lumineux et sa coupe fluide apportent \u00e9l\u00e9gance et raffinement. Id\u00e9al pour sublimer vos tenues avec une touche d\u2019authenticit\u00e9. Une pi\u00e8ce unique m\u00ealant tradition\u00a0et\u00a0modernit\u00e9.<\/p>\n<p class=\"Textbody\">\n","protected":false},"excerpt":{"rendered":"<p class=\"Textbody\">Kimono bleu nuit scintillant, confectionn\u00e9 \u00e0 la main par un maalem au savoir-faire d\u2019exception. Son tissu lumineux et sa coupe fluide apportent \u00e9l\u00e9gance et raffinement. Id\u00e9al pour sublimer vos tenues avec une touche d\u2019authenticit\u00e9. Une pi\u00e8ce unique m\u00ealant tradition\u00a0et\u00a0modernit\u00e9.<\/p>\n","protected":false},"featured_media":6927,"comment_status":"open","ping_status":"closed","template":"","meta":[],"product_cat":[42],"product_tag":[],"class_list":{"0":"post-6921","1":"product","2":"type-product","3":"status-publish","4":"has-post-thumbnail","6":"product_cat-kimonos","8":"first","9":"instock","10":"taxable","11":"shipping-taxable","12":"purchasable","13":"product-type-variable"},"_links":{"self":[{"href":"https:\/\/bazartdelala.ch\/index.php?rest_route=\/wp\/v2\/product\/6921","targetHints":{"allow":["GET"]}}],"collection":[{"href":"https:\/\/bazartdelala.ch\/index.php?rest_route=\/wp\/v2\/product"}],"about":[{"href":"https:\/\/bazartdelala.ch\/index.php?rest_route=\/wp\/v2\/types\/product"}],"replies":[{"embeddable":true,"href":"https:\/\/bazartdelala.ch\/index.php?rest_route=%2Fwp%2Fv2%2Fcomments&post=6921"}],"wp:featuredmedia":[{"embeddable":true,"href":"https:\/\/bazartdelala.ch\/index.php?rest_route=\/wp\/v2\/media\/6927"}],"wp:attachment":[{"href":"https:\/\/bazartdelala.ch\/index.php?rest_route=%2Fwp%2Fv2%2Fmedia&parent=6921"}],"wp:term":[{"taxonomy":"product_cat","embeddable":true,"href":"https:\/\/bazartdelala.ch\/index.php?rest_route=%2Fwp%2Fv2%2Fproduct_cat&post=6921"},{"taxonomy":"product_tag","embeddable":true,"href":"https:\/\/bazartdelala.ch\/index.php?rest_route=%2Fwp%2Fv2%2Fproduct_tag&post=6921"}],"curies":[{"name":"wp","href":"https:\/\/api.w.org\/{rel}","templated":true}]}}