{"id":6942,"date":"2025-02-20T09:34:15","date_gmt":"2025-02-20T08:34:15","guid":{"rendered":"https:\/\/bazartdelala.ch\/?post_type=product&#038;p=6942"},"modified":"2025-03-20T13:24:03","modified_gmt":"2025-03-20T12:24:03","slug":"kimono-lala-jeblia","status":"publish","type":"product","link":"https:\/\/bazartdelala.ch\/?product=kimono-lala-jeblia","title":{"rendered":"Kimono Lala Jeblia"},"content":{"rendered":"<p class=\"Textbody\">Inspir\u00e9 de la coupe Jeblia, ce kimono revisite le style authentique du nord du Maroc. Confectionn\u00e9 \u00e0 la main par un maalem, il se distingue par sa coupe ample et fluide, offrant confort et allure traditionnelle. R\u00e9alis\u00e9 en tissu \u00e0 carreaux tartan il est parfait pour un look casual chic alliant h\u00e9ritage\u00a0et\u00a0modernit\u00e9.<\/p>\n<p class=\"Textbody\">\n","protected":false},"excerpt":{"rendered":"<p class=\"Textbody\">Inspir\u00e9 de la coupe Jeblia, ce kimono revisite le style authentique du nord du Maroc. Confectionn\u00e9 \u00e0 la main par un maalem, il se distingue par sa coupe ample et fluide, offrant confort et allure traditionnelle. R\u00e9alis\u00e9 en tissu \u00e0 carreaux tartan il est parfait pour un look casual chic alliant h\u00e9ritage\u00a0et\u00a0modernit\u00e9.<\/p>\n","protected":false},"featured_media":6945,"comment_status":"open","ping_status":"closed","template":"","meta":[],"product_cat":[42],"product_tag":[],"class_list":{"0":"post-6942","1":"product","2":"type-product","3":"status-publish","4":"has-post-thumbnail","6":"product_cat-kimonos","8":"first","9":"instock","10":"taxable","11":"shipping-taxable","12":"purchasable","13":"product-type-variable"},"_links":{"self":[{"href":"https:\/\/bazartdelala.ch\/index.php?rest_route=\/wp\/v2\/product\/6942","targetHints":{"allow":["GET"]}}],"collection":[{"href":"https:\/\/bazartdelala.ch\/index.php?rest_route=\/wp\/v2\/product"}],"about":[{"href":"https:\/\/bazartdelala.ch\/index.php?rest_route=\/wp\/v2\/types\/product"}],"replies":[{"embeddable":true,"href":"https:\/\/bazartdelala.ch\/index.php?rest_route=%2Fwp%2Fv2%2Fcomments&post=6942"}],"wp:featuredmedia":[{"embeddable":true,"href":"https:\/\/bazartdelala.ch\/index.php?rest_route=\/wp\/v2\/media\/6945"}],"wp:attachment":[{"href":"https:\/\/bazartdelala.ch\/index.php?rest_route=%2Fwp%2Fv2%2Fmedia&parent=6942"}],"wp:term":[{"taxonomy":"product_cat","embeddable":true,"href":"https:\/\/bazartdelala.ch\/index.php?rest_route=%2Fwp%2Fv2%2Fproduct_cat&post=6942"},{"taxonomy":"product_tag","embeddable":true,"href":"https:\/\/bazartdelala.ch\/index.php?rest_route=%2Fwp%2Fv2%2Fproduct_tag&post=6942"}],"curies":[{"name":"wp","href":"https:\/\/api.w.org\/{rel}","templated":true}]}}