{"id":6946,"date":"2025-02-20T09:37:49","date_gmt":"2025-02-20T08:37:49","guid":{"rendered":"https:\/\/bazartdelala.ch\/?post_type=product&#038;p=6946"},"modified":"2025-03-20T13:24:35","modified_gmt":"2025-03-20T12:24:35","slug":"kimono-lala-cecilia","status":"publish","type":"product","link":"https:\/\/bazartdelala.ch\/?product=kimono-lala-cecilia","title":{"rendered":"Kimono Lala C\u00e9cilia"},"content":{"rendered":"<p class=\"Textbody\">\u00a0Un manteau printanier raffin\u00e9, r\u00e9alis\u00e9 \u00e0 la main par un Maalem, dans un tweed bleu ciel moderne. L\u00e9ger et \u00e9l\u00e9gant, il allie tradition artisanale et design contemporain. Parfait pour les journ\u00e9es fra\u00eeches du printemps, il apporte une touche chic et intemporelle \u00e0 votre garde-robe. Un must-have pour une silhouette moderne\u00a0et\u00a0\u00e9l\u00e9gante.<\/p>\n<p class=\"Textbody\">\n","protected":false},"excerpt":{"rendered":"<p class=\"Textbody\">\u00a0Un manteau printanier raffin\u00e9, r\u00e9alis\u00e9 \u00e0 la main par un Maalem, dans un tweed bleu ciel moderne. L\u00e9ger et \u00e9l\u00e9gant, il allie tradition artisanale et design contemporain. Parfait pour les journ\u00e9es fra\u00eeches du printemps, il apporte une touche chic et intemporelle \u00e0 votre garde-robe. Un must-have pour une silhouette moderne\u00a0et\u00a0\u00e9l\u00e9gante.<\/p>\n","protected":false},"featured_media":6948,"comment_status":"open","ping_status":"closed","template":"","meta":[],"product_cat":[42],"product_tag":[],"class_list":{"0":"post-6946","1":"product","2":"type-product","3":"status-publish","4":"has-post-thumbnail","6":"product_cat-kimonos","8":"first","9":"instock","10":"taxable","11":"shipping-taxable","12":"purchasable","13":"product-type-variable"},"_links":{"self":[{"href":"https:\/\/bazartdelala.ch\/index.php?rest_route=\/wp\/v2\/product\/6946","targetHints":{"allow":["GET"]}}],"collection":[{"href":"https:\/\/bazartdelala.ch\/index.php?rest_route=\/wp\/v2\/product"}],"about":[{"href":"https:\/\/bazartdelala.ch\/index.php?rest_route=\/wp\/v2\/types\/product"}],"replies":[{"embeddable":true,"href":"https:\/\/bazartdelala.ch\/index.php?rest_route=%2Fwp%2Fv2%2Fcomments&post=6946"}],"wp:featuredmedia":[{"embeddable":true,"href":"https:\/\/bazartdelala.ch\/index.php?rest_route=\/wp\/v2\/media\/6948"}],"wp:attachment":[{"href":"https:\/\/bazartdelala.ch\/index.php?rest_route=%2Fwp%2Fv2%2Fmedia&parent=6946"}],"wp:term":[{"taxonomy":"product_cat","embeddable":true,"href":"https:\/\/bazartdelala.ch\/index.php?rest_route=%2Fwp%2Fv2%2Fproduct_cat&post=6946"},{"taxonomy":"product_tag","embeddable":true,"href":"https:\/\/bazartdelala.ch\/index.php?rest_route=%2Fwp%2Fv2%2Fproduct_tag&post=6946"}],"curies":[{"name":"wp","href":"https:\/\/api.w.org\/{rel}","templated":true}]}}