{"id":6952,"date":"2025-02-20T10:17:18","date_gmt":"2025-02-20T09:17:18","guid":{"rendered":"https:\/\/bazartdelala.ch\/?product=le-kimono-lala-jeblia-copy"},"modified":"2025-03-20T13:25:31","modified_gmt":"2025-03-20T12:25:31","slug":"kimono-lala-jeblia-copy","status":"publish","type":"product","link":"https:\/\/bazartdelala.ch\/?product=kimono-lala-jeblia-copy","title":{"rendered":"Kimono Lala Camelia"},"content":{"rendered":"<p class=\"Textbody\">Le Kimono Lala Camelia est tweed rose pastel, fait \u00e0 la main avec un savoir-faire artisanal exceptionnel. Orn\u00e9 de d\u00e9licates broderies du Maalem, il combine parfaitement douceur et raffinement. Ce mod\u00e8le l\u00e9ger et moderne est id\u00e9al pour ajouter une touche de fra\u00eecheur et de sophistication \u00e0 vos tenues printani\u00e8res. Un choix parfait pour un look chic\u00a0et\u00a0intemporel.<\/p>\n<p class=\"Textbody\">\n","protected":false},"excerpt":{"rendered":"<p class=\"Textbody\">Le Kimono Lala Camelia est tweed rose pastel, fait \u00e0 la main avec un savoir-faire artisanal exceptionnel. Orn\u00e9 de d\u00e9licates broderies du Maalem, il combine parfaitement douceur et raffinement. Ce mod\u00e8le l\u00e9ger et moderne est id\u00e9al pour ajouter une touche de fra\u00eecheur et de sophistication \u00e0 vos tenues printani\u00e8res. Un choix parfait pour un look chic\u00a0et\u00a0intemporel.<\/p>\n","protected":false},"featured_media":6955,"comment_status":"open","ping_status":"closed","template":"","meta":[],"product_cat":[42],"product_tag":[],"class_list":{"0":"post-6952","1":"product","2":"type-product","3":"status-publish","4":"has-post-thumbnail","6":"product_cat-kimonos","8":"first","9":"instock","10":"taxable","11":"shipping-taxable","12":"purchasable","13":"product-type-variable"},"_links":{"self":[{"href":"https:\/\/bazartdelala.ch\/index.php?rest_route=\/wp\/v2\/product\/6952","targetHints":{"allow":["GET"]}}],"collection":[{"href":"https:\/\/bazartdelala.ch\/index.php?rest_route=\/wp\/v2\/product"}],"about":[{"href":"https:\/\/bazartdelala.ch\/index.php?rest_route=\/wp\/v2\/types\/product"}],"replies":[{"embeddable":true,"href":"https:\/\/bazartdelala.ch\/index.php?rest_route=%2Fwp%2Fv2%2Fcomments&post=6952"}],"wp:featuredmedia":[{"embeddable":true,"href":"https:\/\/bazartdelala.ch\/index.php?rest_route=\/wp\/v2\/media\/6955"}],"wp:attachment":[{"href":"https:\/\/bazartdelala.ch\/index.php?rest_route=%2Fwp%2Fv2%2Fmedia&parent=6952"}],"wp:term":[{"taxonomy":"product_cat","embeddable":true,"href":"https:\/\/bazartdelala.ch\/index.php?rest_route=%2Fwp%2Fv2%2Fproduct_cat&post=6952"},{"taxonomy":"product_tag","embeddable":true,"href":"https:\/\/bazartdelala.ch\/index.php?rest_route=%2Fwp%2Fv2%2Fproduct_tag&post=6952"}],"curies":[{"name":"wp","href":"https:\/\/api.w.org\/{rel}","templated":true}]}}