{"id":6956,"date":"2025-02-20T10:18:54","date_gmt":"2025-02-20T09:18:54","guid":{"rendered":"https:\/\/bazartdelala.ch\/?post_type=product&#038;p=6956"},"modified":"2025-03-20T13:26:01","modified_gmt":"2025-03-20T12:26:01","slug":"kimono-lala-camelia","status":"publish","type":"product","link":"https:\/\/bazartdelala.ch\/?product=kimono-lala-camelia","title":{"rendered":"Kimono Lala Cam\u00e9lia"},"content":{"rendered":"<p class=\"Textbody\">Un gilet d\u00e9licat en tweed rose pastel, confectionn\u00e9 \u00e0 la main avec des broderies raffin\u00e9es du Maalem. Sa coupe \u00e0 manches courtes et son design l\u00e9ger en font une pi\u00e8ce id\u00e9ale pour les journ\u00e9es ensoleill\u00e9e. \u00c9l\u00e9gant et moderne, il ajoute une touche de douceur et de sophistication \u00e0 toutes vos tenues. Un incontournable pour un style chic et intemporel.<\/p>\n<p class=\"Textbody\">\n","protected":false},"excerpt":{"rendered":"<p class=\"Textbody\">Un gilet d\u00e9licat en tweed rose pastel, confectionn\u00e9 \u00e0 la main avec des broderies raffin\u00e9es du Maalem. Sa coupe \u00e0 manches courtes et son design l\u00e9ger en font une pi\u00e8ce id\u00e9ale pour les journ\u00e9es ensoleill\u00e9e. \u00c9l\u00e9gant et moderne, il ajoute une touche de douceur et de sophistication \u00e0 toutes vos tenues. Un incontournable pour un style chic et intemporel.<\/p>\n","protected":false},"featured_media":6958,"comment_status":"open","ping_status":"closed","template":"","meta":[],"product_cat":[42],"product_tag":[],"class_list":{"0":"post-6956","1":"product","2":"type-product","3":"status-publish","4":"has-post-thumbnail","6":"product_cat-kimonos","8":"first","9":"instock","10":"taxable","11":"shipping-taxable","12":"purchasable","13":"product-type-variable"},"_links":{"self":[{"href":"https:\/\/bazartdelala.ch\/index.php?rest_route=\/wp\/v2\/product\/6956","targetHints":{"allow":["GET"]}}],"collection":[{"href":"https:\/\/bazartdelala.ch\/index.php?rest_route=\/wp\/v2\/product"}],"about":[{"href":"https:\/\/bazartdelala.ch\/index.php?rest_route=\/wp\/v2\/types\/product"}],"replies":[{"embeddable":true,"href":"https:\/\/bazartdelala.ch\/index.php?rest_route=%2Fwp%2Fv2%2Fcomments&post=6956"}],"wp:featuredmedia":[{"embeddable":true,"href":"https:\/\/bazartdelala.ch\/index.php?rest_route=\/wp\/v2\/media\/6958"}],"wp:attachment":[{"href":"https:\/\/bazartdelala.ch\/index.php?rest_route=%2Fwp%2Fv2%2Fmedia&parent=6956"}],"wp:term":[{"taxonomy":"product_cat","embeddable":true,"href":"https:\/\/bazartdelala.ch\/index.php?rest_route=%2Fwp%2Fv2%2Fproduct_cat&post=6956"},{"taxonomy":"product_tag","embeddable":true,"href":"https:\/\/bazartdelala.ch\/index.php?rest_route=%2Fwp%2Fv2%2Fproduct_tag&post=6956"}],"curies":[{"name":"wp","href":"https:\/\/api.w.org\/{rel}","templated":true}]}}