{"id":6960,"date":"2025-02-20T10:21:29","date_gmt":"2025-02-20T09:21:29","guid":{"rendered":"https:\/\/bazartdelala.ch\/?post_type=product&#038;p=6960"},"modified":"2025-03-20T13:26:37","modified_gmt":"2025-03-20T12:26:37","slug":"kimono-lala-yasmine-2","status":"publish","type":"product","link":"https:\/\/bazartdelala.ch\/?product=kimono-lala-yasmine-2","title":{"rendered":"Kimono Lala Yasmine"},"content":{"rendered":"<p class=\"Textbody\">Un gilet d\u00e9licat en tweed blanc avec des touches d&rsquo;or, confectionn\u00e9 \u00e0 la main avec sa touche raffin\u00e9e du Maalem. Sa coupe \u00e0 manches courtes et son design l\u00e9ger en font une pi\u00e8ce id\u00e9ale pour les journ\u00e9es printani\u00e8res. \u00c9l\u00e9gant et moderne, il ajoute une touche de douceur et de sophistication \u00e0 toutes vos tenues. Un incontournable pour un style chic\u00a0et\u00a0intemporel.<\/p>\n<p class=\"Textbody\">\n","protected":false},"excerpt":{"rendered":"<p class=\"Textbody\">Un gilet d\u00e9licat en tweed blanc avec des touches d&rsquo;or, confectionn\u00e9 \u00e0 la main avec sa touche raffin\u00e9e du Maalem. Sa coupe \u00e0 manches courtes et son design l\u00e9ger en font une pi\u00e8ce id\u00e9ale pour les journ\u00e9es printani\u00e8res. \u00c9l\u00e9gant et moderne, il ajoute une touche de douceur et de sophistication \u00e0 toutes vos tenues. Un incontournable pour un style chic\u00a0et\u00a0intemporel.<\/p>\n","protected":false},"featured_media":6962,"comment_status":"open","ping_status":"closed","template":"","meta":[],"product_cat":[42],"product_tag":[],"class_list":{"0":"post-6960","1":"product","2":"type-product","3":"status-publish","4":"has-post-thumbnail","6":"product_cat-kimonos","8":"first","9":"instock","10":"taxable","11":"shipping-taxable","12":"purchasable","13":"product-type-variable"},"_links":{"self":[{"href":"https:\/\/bazartdelala.ch\/index.php?rest_route=\/wp\/v2\/product\/6960","targetHints":{"allow":["GET"]}}],"collection":[{"href":"https:\/\/bazartdelala.ch\/index.php?rest_route=\/wp\/v2\/product"}],"about":[{"href":"https:\/\/bazartdelala.ch\/index.php?rest_route=\/wp\/v2\/types\/product"}],"replies":[{"embeddable":true,"href":"https:\/\/bazartdelala.ch\/index.php?rest_route=%2Fwp%2Fv2%2Fcomments&post=6960"}],"wp:featuredmedia":[{"embeddable":true,"href":"https:\/\/bazartdelala.ch\/index.php?rest_route=\/wp\/v2\/media\/6962"}],"wp:attachment":[{"href":"https:\/\/bazartdelala.ch\/index.php?rest_route=%2Fwp%2Fv2%2Fmedia&parent=6960"}],"wp:term":[{"taxonomy":"product_cat","embeddable":true,"href":"https:\/\/bazartdelala.ch\/index.php?rest_route=%2Fwp%2Fv2%2Fproduct_cat&post=6960"},{"taxonomy":"product_tag","embeddable":true,"href":"https:\/\/bazartdelala.ch\/index.php?rest_route=%2Fwp%2Fv2%2Fproduct_tag&post=6960"}],"curies":[{"name":"wp","href":"https:\/\/api.w.org\/{rel}","templated":true}]}}