{"id":6963,"date":"2025-02-20T10:23:21","date_gmt":"2025-02-20T09:23:21","guid":{"rendered":"https:\/\/bazartdelala.ch\/?post_type=product&#038;p=6963"},"modified":"2025-03-20T13:26:58","modified_gmt":"2025-03-20T12:26:58","slug":"kimono-lala-ambre","status":"publish","type":"product","link":"https:\/\/bazartdelala.ch\/?product=kimono-lala-ambre","title":{"rendered":"kimono Lala Ambre"},"content":{"rendered":"<p class=\"Textbody\">Le kimono Lala Ambre est un gilet sans manches en tweed marron\u00e9e, sublim\u00e9e de touches dor\u00e9es. Fait main avec un savoir-faire unique, il offre un style lumineux et raffin\u00e9, parfait pour ajouter une touche d&rsquo;\u00e9l\u00e9gance\u00a0\u00e0\u00a0vos\u00a0tenues.<\/p>\n<p class=\"Textbody\">\n","protected":false},"excerpt":{"rendered":"<p class=\"Textbody\">Le kimono Lala Ambre est un gilet sans manches en tweed marron\u00e9e, sublim\u00e9e de touches dor\u00e9es. Fait main avec un savoir-faire unique, il offre un style lumineux et raffin\u00e9, parfait pour ajouter une touche d&rsquo;\u00e9l\u00e9gance\u00a0\u00e0\u00a0vos\u00a0tenues.<\/p>\n","protected":false},"featured_media":6965,"comment_status":"open","ping_status":"closed","template":"","meta":[],"product_cat":[42],"product_tag":[],"class_list":{"0":"post-6963","1":"product","2":"type-product","3":"status-publish","4":"has-post-thumbnail","6":"product_cat-kimonos","8":"first","9":"instock","10":"taxable","11":"shipping-taxable","12":"purchasable","13":"product-type-variable"},"_links":{"self":[{"href":"https:\/\/bazartdelala.ch\/index.php?rest_route=\/wp\/v2\/product\/6963","targetHints":{"allow":["GET"]}}],"collection":[{"href":"https:\/\/bazartdelala.ch\/index.php?rest_route=\/wp\/v2\/product"}],"about":[{"href":"https:\/\/bazartdelala.ch\/index.php?rest_route=\/wp\/v2\/types\/product"}],"replies":[{"embeddable":true,"href":"https:\/\/bazartdelala.ch\/index.php?rest_route=%2Fwp%2Fv2%2Fcomments&post=6963"}],"wp:featuredmedia":[{"embeddable":true,"href":"https:\/\/bazartdelala.ch\/index.php?rest_route=\/wp\/v2\/media\/6965"}],"wp:attachment":[{"href":"https:\/\/bazartdelala.ch\/index.php?rest_route=%2Fwp%2Fv2%2Fmedia&parent=6963"}],"wp:term":[{"taxonomy":"product_cat","embeddable":true,"href":"https:\/\/bazartdelala.ch\/index.php?rest_route=%2Fwp%2Fv2%2Fproduct_cat&post=6963"},{"taxonomy":"product_tag","embeddable":true,"href":"https:\/\/bazartdelala.ch\/index.php?rest_route=%2Fwp%2Fv2%2Fproduct_tag&post=6963"}],"curies":[{"name":"wp","href":"https:\/\/api.w.org\/{rel}","templated":true}]}}