{"id":6967,"date":"2025-02-20T10:26:09","date_gmt":"2025-02-20T09:26:09","guid":{"rendered":"https:\/\/bazartdelala.ch\/?post_type=product&#038;p=6967"},"modified":"2025-03-20T13:27:20","modified_gmt":"2025-03-20T12:27:20","slug":"kimono-lala-zahra","status":"publish","type":"product","link":"https:\/\/bazartdelala.ch\/?product=kimono-lala-zahra","title":{"rendered":"Kimono Lala Zahra"},"content":{"rendered":"<p class=\"Textbody\">Le Kimono Lala Zahra est un mod\u00e8le long en tissu cr\u00eape noir, sublim\u00e9 par des broderies noires sur noires, r\u00e9alis\u00e9es \u00e0 la main par un Maalem. Sa doublure en teinte sabl\u00e9e ajoute une touche de l\u00e9g\u00e8ret\u00e9 et de raffinement. \u00c9l\u00e9gant et intemporel, ce kimono incarne la fusion parfaite entre tradition artisanale et modernit\u00e9. Avec sa coupe longue et fluide, il apportera une touche sophistiqu\u00e9e et chic \u00e0 toutes\u00a0vos\u00a0tenues.<\/p>\n<p class=\"Textbody\">\n","protected":false},"excerpt":{"rendered":"<p class=\"Textbody\">Le Kimono Lala Zahra est un mod\u00e8le long en tissu cr\u00eape noir, sublim\u00e9 par des broderies noires sur noires, r\u00e9alis\u00e9es \u00e0 la main par un Maalem. Sa doublure en teinte sabl\u00e9e ajoute une touche de l\u00e9g\u00e8ret\u00e9 et de raffinement. \u00c9l\u00e9gant et intemporel, ce kimono incarne la fusion parfaite entre tradition artisanale et modernit\u00e9. Avec sa coupe longue et fluide, il apportera une touche sophistiqu\u00e9e et chic \u00e0 toutes\u00a0vos\u00a0tenues.<\/p>\n","protected":false},"featured_media":6969,"comment_status":"open","ping_status":"closed","template":"","meta":[],"product_cat":[42],"product_tag":[],"class_list":{"0":"post-6967","1":"product","2":"type-product","3":"status-publish","4":"has-post-thumbnail","6":"product_cat-kimonos","8":"first","9":"instock","10":"taxable","11":"shipping-taxable","12":"purchasable","13":"product-type-variable"},"_links":{"self":[{"href":"https:\/\/bazartdelala.ch\/index.php?rest_route=\/wp\/v2\/product\/6967","targetHints":{"allow":["GET"]}}],"collection":[{"href":"https:\/\/bazartdelala.ch\/index.php?rest_route=\/wp\/v2\/product"}],"about":[{"href":"https:\/\/bazartdelala.ch\/index.php?rest_route=\/wp\/v2\/types\/product"}],"replies":[{"embeddable":true,"href":"https:\/\/bazartdelala.ch\/index.php?rest_route=%2Fwp%2Fv2%2Fcomments&post=6967"}],"wp:featuredmedia":[{"embeddable":true,"href":"https:\/\/bazartdelala.ch\/index.php?rest_route=\/wp\/v2\/media\/6969"}],"wp:attachment":[{"href":"https:\/\/bazartdelala.ch\/index.php?rest_route=%2Fwp%2Fv2%2Fmedia&parent=6967"}],"wp:term":[{"taxonomy":"product_cat","embeddable":true,"href":"https:\/\/bazartdelala.ch\/index.php?rest_route=%2Fwp%2Fv2%2Fproduct_cat&post=6967"},{"taxonomy":"product_tag","embeddable":true,"href":"https:\/\/bazartdelala.ch\/index.php?rest_route=%2Fwp%2Fv2%2Fproduct_tag&post=6967"}],"curies":[{"name":"wp","href":"https:\/\/api.w.org\/{rel}","templated":true}]}}