{"id":6980,"date":"2025-02-20T10:37:40","date_gmt":"2025-02-20T09:37:40","guid":{"rendered":"https:\/\/bazartdelala.ch\/?post_type=product&#038;p=6980"},"modified":"2025-02-21T19:37:24","modified_gmt":"2025-02-21T18:37:24","slug":"kimono-lala-mouna","status":"publish","type":"product","link":"https:\/\/bazartdelala.ch\/?product=kimono-lala-mouna","title":{"rendered":"Kimono Lala Mouna"},"content":{"rendered":"<p>kimono court en tissu cr\u00eape est d\u00e9cor\u00e9 de broderies berb\u00e8res minutieuses et de couleurs vibrantes. Un incontournable pour celles qui cherchent \u00e0 allier tradition et modernit\u00e9 dans\u00a0leur\u00a0quotidien.<\/p>\n","protected":false},"excerpt":{"rendered":"<p>kimono court en tissu cr\u00eape est d\u00e9cor\u00e9 de broderies berb\u00e8res minutieuses et de couleurs vibrantes. Un incontournable pour celles qui cherchent \u00e0 allier tradition et modernit\u00e9 dans\u00a0leur\u00a0quotidien.<\/p>\n","protected":false},"featured_media":7108,"comment_status":"open","ping_status":"closed","template":"","meta":[],"product_cat":[42],"product_tag":[],"class_list":{"0":"post-6980","1":"product","2":"type-product","3":"status-publish","4":"has-post-thumbnail","6":"product_cat-kimonos","8":"first","9":"instock","10":"taxable","11":"shipping-taxable","12":"purchasable","13":"product-type-variable"},"_links":{"self":[{"href":"https:\/\/bazartdelala.ch\/index.php?rest_route=\/wp\/v2\/product\/6980","targetHints":{"allow":["GET"]}}],"collection":[{"href":"https:\/\/bazartdelala.ch\/index.php?rest_route=\/wp\/v2\/product"}],"about":[{"href":"https:\/\/bazartdelala.ch\/index.php?rest_route=\/wp\/v2\/types\/product"}],"replies":[{"embeddable":true,"href":"https:\/\/bazartdelala.ch\/index.php?rest_route=%2Fwp%2Fv2%2Fcomments&post=6980"}],"wp:featuredmedia":[{"embeddable":true,"href":"https:\/\/bazartdelala.ch\/index.php?rest_route=\/wp\/v2\/media\/7108"}],"wp:attachment":[{"href":"https:\/\/bazartdelala.ch\/index.php?rest_route=%2Fwp%2Fv2%2Fmedia&parent=6980"}],"wp:term":[{"taxonomy":"product_cat","embeddable":true,"href":"https:\/\/bazartdelala.ch\/index.php?rest_route=%2Fwp%2Fv2%2Fproduct_cat&post=6980"},{"taxonomy":"product_tag","embeddable":true,"href":"https:\/\/bazartdelala.ch\/index.php?rest_route=%2Fwp%2Fv2%2Fproduct_tag&post=6980"}],"curies":[{"name":"wp","href":"https:\/\/api.w.org\/{rel}","templated":true}]}}